{"id":11658,"date":"2026-04-06T16:34:40","date_gmt":"2026-04-06T16:34:40","guid":{"rendered":"https:\/\/doypacked.eu\/services-detiquetage-doypack\/"},"modified":"2026-04-06T16:48:35","modified_gmt":"2026-04-06T16:48:35","slug":"services-detiquetage-doypack","status":"publish","type":"page","link":"https:\/\/doypacked.eu\/fr\/services-detiquetage-doypack\/","title":{"rendered":"Services d\u2019\u00e9tiquetage Doypack"},"content":{"rendered":"\n<h1 class=\"wp-block-heading\">Services d\u2019\u00e9tiquetage Doypack<\/h1>\n\n<p>Que vous ayez besoin de seulement 10 unit\u00e9s pour les tests produit ou de plusieurs milliers pour l\u2019\u00e9chelle, nous int\u00e9grons l\u2019\u00e9tiquetage sans probl\u00e8me dans notre processus de co-emballage. Pas de frais d\u2019installation, pas de barri\u00e8res minimales, et une flexibilit\u00e9 totale pour les startups, petites marques et entreprises en croissance \u00e0 travers l\u2019Europe. <\/p>\n\n<h3 class=\"wp-block-heading\">Qu\u2019est-ce que l\u2019\u00e9tiquetage Doypack ?<\/h3>\n\n<p>L\u2019\u00e9tiquetage doypack est le processus consistant \u00e0 appliquer des \u00e9tiquettes personnalis\u00e9es sur des pochettes debout (doypacks). Cela inclut \u00e0 la fois des \u00e9tiquettes autocollantes et, encore mieux, l\u2019impression directe directement sur l\u2019emballage. Un \u00e9tiquetage appropri\u00e9 garantit que vos produits respectent les exigences r\u00e9glementaires de l\u2019UE tout en communiquant clairement votre histoire de marque, les ingr\u00e9dients, les informations nutritionnelles et les d\u00e9tails sur les allerg\u00e8nes.  <\/p>\n\n<p>Nous proposons deux excellentes options afin que vous puissiez choisir celle qui correspond le mieux \u00e0 votre marque et \u00e0 votre budget.<\/p>\n\n<h3 class=\"wp-block-heading\">Deux options d\u2019\u00e9tiquetage<\/h3>\n\n<ol class=\"wp-block-list\">\n<li><strong>\u00c9tiquetage professionnel des autocollants<\/strong><br\/>Nous appliquons des \u00e9tiquettes adh\u00e9sives de haute qualit\u00e9 et sans danger sur vos doypacks avec pr\u00e9cision et soin.<\/li>\n\n\n\n<li><strong>Impression directe (fortement recommand\u00e9)<\/strong><br\/>Gr\u00e2ce \u00e0 notre partenaire d\u2019impression de confiance, nous pouvons imprimer votre design complet et votre image de marque directement sur les doypacks. Cela offre une finition bien plus premium, fluide et professionnelle compar\u00e9e aux autocollants. Nous recommandons vivement cette option pour la plupart des marques.  <\/li>\n<\/ol>\n\n<h3 class=\"wp-block-heading\">Principaux avantages de l\u2019\u00e9tiquetage professionnel Doypack<\/h3>\n\n<ul class=\"wp-block-list\">\n<li><strong>Pr\u00e9sentation de la marque premium :<\/strong> Cela fait ressortir votre produit en rayonnage et en ligne.<\/li>\n\n\n\n<li><strong>Conformit\u00e9 r\u00e9glementaire :<\/strong> Affichage clair des ingr\u00e9dients, des valeurs nutritionnelles, des allerg\u00e8nes, du poids net et des informations sur le lot.<\/li>\n\n\n\n<li><strong>Une identit\u00e9 de marque renforc\u00e9e :<\/strong> Mettez en avant votre logo, vos couleurs et votre histoire unique.<\/li>\n\n\n\n<li><strong>Confiance des clients :<\/strong> L\u2019\u00e9tiquetage professionnel renforce la confiance dans la qualit\u00e9 de votre produit.<\/li>\n\n\n\n<li><strong>Polyvalence :<\/strong> Facile \u00e0 mettre \u00e0 jour pour des designs en \u00e9dition limit\u00e9e ou pour de nouvelles informations.<\/li>\n\n\n\n<li><strong>Finition propre et uniforme :<\/strong> Application pr\u00e9cise \u00e0 chaque fois.<\/li>\n<\/ul>\n\n<h3 class=\"wp-block-heading\">Comment l\u2019\u00e9tiquetage Doypack s\u2019int\u00e8gre \u00e0 notre co-emballage<\/h3>\n\n<p>L\u2019\u00e9tiquetage est l\u2019un de nos services \u00e0 valeur ajout\u00e9e cl\u00e9s et se r\u00e9alise en m\u00eame temps que le remplissage et le scellage. Vous pouvez les combiner avec : <\/p>\n\n<ul class=\"wp-block-list\">\n<li>Scellage sous vide<\/li>\n\n\n\n<li>Rin\u00e7age \u00e0 l\u2019azote<\/li>\n\n\n\n<li>M\u00e9lange de poudre s\u00e8che<\/li>\n\n\n\n<li>Couture en \u00e9tain (pour les bo\u00eetes non \u00e9tiquet\u00e9es)<\/li>\n<\/ul>\n\n<h3 class=\"wp-block-heading\">Notre processus d\u2019\u00e9tiquetage simple en 3 \u00e9tapes<\/h3>\n\n<ol class=\"wp-block-list\">\n<li><strong>Envoyez-nous votre produit sec en vrac<\/strong><br\/>Exp\u00e9diez vos poudres ou granul\u00e9s \u00e0 notre installation de Louvain (nous pouvons organiser la collecte). Toute la logistique entrante est enti\u00e8rement tra\u00e7able. <\/li>\n\n\n\n<li><strong>Nous remplissons, scellons et \u00e9tiquetons avec pr\u00e9cision<\/strong><br\/>Nous remplissons vos doypacks, appliquons du vide ou de l\u2019azote si besoin, puis appliquons des \u00e9tiquettes professionnelles ou imprimons directement votre design. Tout se fait en un processus fluide. <\/li>\n\n\n\n<li><strong>Nous expedions vos produits finis<\/strong><br\/>De magnifiques doypacks, enti\u00e8rement \u00e9tiquet\u00e9s et pr\u00eats \u00e0 mettre en rayon, vous sont livr\u00e9s ou directement \u00e0 vos clients partout en Europe.<\/li>\n<\/ol>\n\n<p>D\u00e9lais courts, prix transparents et aucune surprise.<\/p>\n\n<h3 class=\"wp-block-heading\">Pourquoi les marques choisissent Doypacked.eu pour l\u2019\u00e9tiquetage Doypack<\/h3>\n\n<ul class=\"wp-block-list\">\n<li><strong>MOQ ultra-bas \u00e0 partir de seulement 10 unit\u00e9s.<\/strong>  Id\u00e9al pour tester de nouvelles formules ou des \u00e9ditions limit\u00e9es.<\/li>\n\n\n\n<li><strong>Jamais de frais d\u2019installation.<\/strong>  Commence petit et \u00e9volue quand tu seras pr\u00eat.<\/li>\n\n\n\n<li><strong>Deux options sont disponibles :<\/strong> \u00c9tiquetage autocollant ou impression directe premium.<\/li>\n\n\n\n<li><strong>Conseils d\u2019experts.<\/strong>  Nous vous aidons \u00e0 choisir la meilleure solution pour votre marque.<\/li>\n\n\n\n<li><strong>Emplacement central dans l\u2019UE.<\/strong>  Louvain, en Belgique, signifie un transport rapide et abordable \u00e0 travers le continent.<\/li>\n\n\n\n<li><strong>Mat\u00e9riaux certifi\u00e9s alimentaires.<\/strong>  Certification biologique pr\u00e9vue pour 2026.<\/li>\n\n\n\n<li><strong>Soutien humain de 365 jours.<\/strong>  De vraies personnes qui r\u00e9pondent vite.<\/li>\n<\/ul>\n\n<p>Nous avons construit Doypacked.eu pour rendre les emballages professionnels accessibles, y compris un label de haute qualit\u00e9, m\u00eame pour les plus petites s\u00e9ries.<\/p>\n\n<h3 class=\"wp-block-heading\">Qui nous servons<\/h3>\n\n<ul class=\"wp-block-list\">\n<li>Start-ups et marques ind\u00e9pendantes de l\u2019alimentation lan\u00e7ant de nouveaux produits<\/li>\n\n\n\n<li>Petits fabricants ayant besoin d\u2019un support fiable en emballage et en branding<\/li>\n\n\n\n<li>Vendeurs en ligne qui souhaitent une pr\u00e9sentation professionnelle<\/li>\n\n\n\n<li>Les marques de sant\u00e9 et de bien-\u00eatre construisent une identit\u00e9 visuelle forte<\/li>\n<\/ul>\n\n<h3 class=\"wp-block-heading\">Tarification et d\u00e9but<\/h3>\n\n<p>La tarification est simple : dites-le-nous<\/p>\n\n<ul class=\"wp-block-list\">\n<li>Quantit\u00e9 (m\u00eame 10 unit\u00e9s, \u00e7a suffit)<\/li>\n\n\n\n<li>Type et taille d\u2019emballage<\/li>\n\n\n\n<li>Que vous vouliez l\u2019\u00e9tiquetage des autocollants ou l\u2019impression directe<\/li>\n\n\n\n<li>Tout service suppl\u00e9mentaire (vide, azote, etc.)<\/li>\n<\/ul>\n\n<p>Nous vous envoyons un devis clair et sans engagement en quelques heures.<\/p>\n\n<p><strong>Pr\u00eat \u00e0 donner un look professionnel \u00e0 vos doypacks ?<\/strong><br\/>Envoyez-nous un e-mail ou utilisez le formulaire de contact. Nous examinerons vos besoins et vous proposerons un prix instantan\u00e9. <\/p>\n\n\r\n<iframe data-tally-src=\"https:\/\/tally.so\/embed\/ODP2zY?alignLeft=1&#038;hideTitle=1&#038;transparentBackground=1&#038;dynamicHeight=1\" loading=\"lazy\" width=\"100%\" height=\"989\" frameborder=\"0\" marginheight=\"0\" marginwidth=\"0\" title=\"Formulaire de contact Doypacked  \"><\/iframe>\r\n<script>var d=document,w=\"https:\/\/tally.so\/widgets\/embed.js\",v=function(){\"undefined\"!=typeof Tally?Tally.loadEmbeds():d.querySelectorAll(\"iframe[data-tally-src]:not([src])\").forEach((function(e){e.src=e.dataset.tallySrc}))};if(\"undefined\"!=typeof Tally)v();else if(d.querySelector('script[src=\"'+w+'\"]')==null){var s=d.createElement(\"script\");s.src=w,s.onload=v,s.onerror=v,d.body.appendChild(s);}<\/script>\r\n\n<h3 class=\"wp-block-heading\">Questions fr\u00e9quemment pos\u00e9es<\/h3>\n<div id=\"rank-math-faq\" class=\"rank-math-block\">\n<div class=\"rank-math-list \">\n<div id=\"faq-question-1775493159082\" class=\"rank-math-list-item\">\n<h3 class=\"rank-math-question \"><strong>Peut-on vraiment \u00e9tiqueter \u00e0 partir de seulement 10 unit\u00e9s ?<\/strong><\/h3>\n<div class=\"rank-math-answer \">\n\n<p>Oui. Notre commande minimale est de 10 doypacks.<\/p>\n\n<\/div>\n<\/div>\n<div id=\"faq-question-1775493169182\" class=\"rank-math-list-item\">\n<h3 class=\"rank-math-question \"><strong>Recommandez-vous des autocollants ou l\u2019impression directe ?<\/strong><\/h3>\n<div class=\"rank-math-answer \">\n\n<p>Nous recommandons vivement l\u2019impression directe pour un look haut de gamme optimal. L\u2019\u00e9tiquetage autocollant est \u00e9galement disponible lorsque vous le souhaitez. <\/p>\n\n<\/div>\n<\/div>\n<div id=\"faq-question-1775493188066\" class=\"rank-math-list-item\">\n<h3 class=\"rank-math-question \"><strong>Puis-je envoyer mes propres doypacks pr\u00e9imprim\u00e9s ?<\/strong><\/h3>\n<div class=\"rank-math-answer \">\n\n<p>Absolument. Nous sommes ravis de remplir et de finir votre propre emballage de marque. <\/p>\n\n<\/div>\n<\/div>\n<div id=\"faq-question-1775493200719\" class=\"rank-math-list-item\">\n<h3 class=\"rank-math-question \"><strong>Peut-on \u00e9tiqueter les bo\u00eetes de conserve ?<\/strong><\/h3>\n<div class=\"rank-math-answer \">\n\n<p>Oui.  <\/p>\n\n<\/div>\n<\/div>\n<div id=\"faq-question-1775493214805\" class=\"rank-math-list-item\">\n<h3 class=\"rank-math-question \"><strong>Proposez-vous aussi le vidage sous vide et le rin\u00e7age \u00e0 l\u2019azote ?<\/strong><\/h3>\n<div class=\"rank-math-answer \">\n\n<p>Oui. Tous les services peuvent \u00eatre combin\u00e9s dans un seul ordre.<\/p>\n\n<\/div>\n<\/div>\n<div id=\"faq-question-1775493228198\" class=\"rank-math-list-item\">\n<h3 class=\"rank-math-question \"><strong>Combien cela co\u00fbte-t-il ?<\/strong><\/h3>\n<div class=\"rank-math-answer \">\n\n<p>Communiquez avec vos sp\u00e9cifications et nous vous r\u00e9pondrons avec un devis pr\u00e9cis le jour m\u00eame.<\/p>\n\n<\/div>\n<\/div>\n<div id=\"faq-question-1775493246536\" class=\"rank-math-list-item\">\n<h3 class=\"rank-math-question \"><strong>O\u00f9 \u00eates-vous bas\u00e9 ?<\/strong><\/h3>\n<div class=\"rank-math-answer \">\n\n<p>Louvain, Belgique.<\/p>\n\n<\/div>\n<\/div>\n<\/div>\n<\/div>\n<p><em>Nous sommes impatients d\u2019aider votre marque \u00e0 briller.<\/em><\/p>\n","protected":false},"excerpt":{"rendered":"<p>Services d\u2019\u00e9tiquetage Doypack Que vous ayez besoin de seulement 10 unit\u00e9s pour les tests produit ou de plusieurs milliers pour l\u2019\u00e9chelle, nous int\u00e9grons l\u2019\u00e9tiquetage sans probl\u00e8me dans notre processus de co-emballage. Pas de frais d\u2019installation, pas de barri\u00e8res minimales, et une flexibilit\u00e9 totale pour les startups, petites marques et entreprises en croissance \u00e0 travers l\u2019Europe. [&hellip;]<\/p>\n","protected":false},"author":1,"featured_media":0,"parent":0,"menu_order":0,"comment_status":"closed","ping_status":"closed","template":"","meta":{"ocean_post_layout":"","ocean_both_sidebars_style":"","ocean_both_sidebars_content_width":0,"ocean_both_sidebars_sidebars_width":0,"ocean_sidebar":"","ocean_second_sidebar":"","ocean_disable_margins":"enable","ocean_add_body_class":"","ocean_shortcode_before_top_bar":"","ocean_shortcode_after_top_bar":"","ocean_shortcode_before_header":"","ocean_shortcode_after_header":"","ocean_has_shortcode":"","ocean_shortcode_after_title":"","ocean_shortcode_before_footer_widgets":"","ocean_shortcode_after_footer_widgets":"","ocean_shortcode_before_footer_bottom":"","ocean_shortcode_after_footer_bottom":"","ocean_display_top_bar":"default","ocean_display_header":"default","ocean_header_style":"","ocean_center_header_left_menu":"","ocean_custom_header_template":"","ocean_custom_logo":0,"ocean_custom_retina_logo":0,"ocean_custom_logo_max_width":0,"ocean_custom_logo_tablet_max_width":0,"ocean_custom_logo_mobile_max_width":0,"ocean_custom_logo_max_height":0,"ocean_custom_logo_tablet_max_height":0,"ocean_custom_logo_mobile_max_height":0,"ocean_header_custom_menu":"","ocean_menu_typo_font_family":"","ocean_menu_typo_font_subset":"","ocean_menu_typo_font_size":0,"ocean_menu_typo_font_size_tablet":0,"ocean_menu_typo_font_size_mobile":0,"ocean_menu_typo_font_size_unit":"px","ocean_menu_typo_font_weight":"","ocean_menu_typo_font_weight_tablet":"","ocean_menu_typo_font_weight_mobile":"","ocean_menu_typo_transform":"","ocean_menu_typo_transform_tablet":"","ocean_menu_typo_transform_mobile":"","ocean_menu_typo_line_height":0,"ocean_menu_typo_line_height_tablet":0,"ocean_menu_typo_line_height_mobile":0,"ocean_menu_typo_line_height_unit":"","ocean_menu_typo_spacing":0,"ocean_menu_typo_spacing_tablet":0,"ocean_menu_typo_spacing_mobile":0,"ocean_menu_typo_spacing_unit":"","ocean_menu_link_color":"","ocean_menu_link_color_hover":"","ocean_menu_link_color_active":"","ocean_menu_link_background":"","ocean_menu_link_hover_background":"","ocean_menu_link_active_background":"","ocean_menu_social_links_bg":"","ocean_menu_social_hover_links_bg":"","ocean_menu_social_links_color":"","ocean_menu_social_hover_links_color":"","ocean_disable_title":"default","ocean_disable_heading":"default","ocean_post_title":"","ocean_post_subheading":"","ocean_post_title_style":"","ocean_post_title_background_color":"","ocean_post_title_background":0,"ocean_post_title_bg_image_position":"","ocean_post_title_bg_image_attachment":"","ocean_post_title_bg_image_repeat":"","ocean_post_title_bg_image_size":"","ocean_post_title_height":0,"ocean_post_title_bg_overlay":0.5,"ocean_post_title_bg_overlay_color":"","ocean_disable_breadcrumbs":"default","ocean_breadcrumbs_color":"","ocean_breadcrumbs_separator_color":"","ocean_breadcrumbs_links_color":"","ocean_breadcrumbs_links_hover_color":"","ocean_display_footer_widgets":"default","ocean_display_footer_bottom":"default","ocean_custom_footer_template":"","footnotes":""},"class_list":["post-11658","page","type-page","status-publish","hentry","entry"],"_links":{"self":[{"href":"https:\/\/doypacked.eu\/fr\/wp-json\/wp\/v2\/pages\/11658","targetHints":{"allow":["GET"]}}],"collection":[{"href":"https:\/\/doypacked.eu\/fr\/wp-json\/wp\/v2\/pages"}],"about":[{"href":"https:\/\/doypacked.eu\/fr\/wp-json\/wp\/v2\/types\/page"}],"author":[{"embeddable":true,"href":"https:\/\/doypacked.eu\/fr\/wp-json\/wp\/v2\/users\/1"}],"replies":[{"embeddable":true,"href":"https:\/\/doypacked.eu\/fr\/wp-json\/wp\/v2\/comments?post=11658"}],"version-history":[{"count":0,"href":"https:\/\/doypacked.eu\/fr\/wp-json\/wp\/v2\/pages\/11658\/revisions"}],"wp:attachment":[{"href":"https:\/\/doypacked.eu\/fr\/wp-json\/wp\/v2\/media?parent=11658"}],"curies":[{"name":"wp","href":"https:\/\/api.w.org\/{rel}","templated":true}]}}